{"id":3495,"date":"2020-02-07T02:16:59","date_gmt":"2020-02-07T02:16:59","guid":{"rendered":"https:\/\/demo.casethemes.net\/consultio\/?page_id=3495"},"modified":"2026-03-06T12:06:53","modified_gmt":"2026-03-06T12:06:53","slug":"hakkimizda","status":"publish","type":"page","link":"https:\/\/nasaccounts.com\/tr\/hakkimizda\/","title":{"rendered":"Hakk\u0131m\u0131zda"},"content":{"rendered":"\t\t<div data-elementor-type=\"wp-page\" data-elementor-id=\"3495\" class=\"elementor elementor-3495\">\n\t\t\t\t        <section class=\"elementor-section elementor-top-section elementor-element elementor-element-5f8b19e6 elementor-section-boxed elementor-section-height-default elementor-section-height-default ct-header-fixed-none ct-row-max-none\" data-id=\"5f8b19e6\" data-element_type=\"section\" data-e-type=\"section\">\n            \n                        <div class=\"elementor-container elementor-column-gap-default \">\n                    <div class=\"elementor-column elementor-col-50 elementor-top-column elementor-element elementor-element-5acf17aa\" data-id=\"5acf17aa\" data-element_type=\"column\" data-e-type=\"column\">\n        <div class=\"elementor-widget-wrap elementor-element-populated\">\n                    \n        \r\n\t\t<div class=\"elementor-element elementor-element-32c59044 line-sub-preset2 elementor-widget elementor-widget-ct_heading\" data-id=\"32c59044\" data-element_type=\"widget\" data-e-type=\"widget\" data-widget_type=\"ct_heading.default\">\n\t\t\t\t<div class=\"elementor-widget-container\">\n\t\t\t\t\t<div id=\"ct_heading-32c59044\" class=\"ct-heading h-align- sub-style1 ct-heading-left item-st-default\">\r\n    <div class=\"ct-item--inner\">\r\n        <div class=\"ct-inline-css\" data-css=\"\r\n            \">\r\n        <\/div>\r\n                    <div class=\"item--sub-title style1 show-line\">\r\n                                                                Hakk\u0131m\u0131zda                                                                            <\/div>\r\n                <h3 class=\"item--title st-default wow wow bounce\" data-wow-delay=\"ms\">\r\n                        <span class=\"sp-main\">\r\n                \r\n                NAS Accounts\r\n                \r\n                            <\/span>\r\n                    <\/h3>\r\n    <\/div>\r\n<\/div>\t\t\t\t<\/div>\n\t\t\t\t<\/div>\n\t\t\t\t<div class=\"elementor-element elementor-element-42a1e90b wow fadeInUp elementor-widget elementor-widget-text-editor\" data-id=\"42a1e90b\" data-element_type=\"widget\" data-e-type=\"widget\" data-widget_type=\"text-editor.default\">\n\t\t\t\t\t\t\t\t\t<p><span style=\"font-weight: 400;\">NAS Accounts, \u0130ngiltere\u2019de bireylerden KOB\u0130\u2019lere kadar geni\u015f bir m\u00fc\u015fteri portf\u00f6y\u00fcne profesyonel muhasebe ve dan\u0131\u015fmanl\u0131k hizmetleri sunar. Amac\u0131m\u0131z, i\u015fletmelerin finansal y\u00fcklerini hafifletmek ve onlar\u0131n b\u00fcy\u00fcme yolculuklar\u0131n\u0131 kolayla\u015ft\u0131rmakt\u0131r.<\/span><\/p>\t\t\t\t\t\t\t\t<\/div>\n\t\t\t\t<div class=\"elementor-element elementor-element-6d5db0b0 elementor-widget elementor-widget-image\" data-id=\"6d5db0b0\" data-element_type=\"widget\" data-e-type=\"widget\" data-widget_type=\"image.default\">\n\t\t\t\t\t\t\t\t\t\t\t\t\t\t\t<img decoding=\"async\" src=\"https:\/\/nasaccounts.com\/wp-content\/uploads\/2019\/12\/about-gap.png\" title=\"\" alt=\"\" loading=\"lazy\" \/>\t\t\t\t\t\t\t\t\t\t\t\t\t\t\t<\/div>\n\t\t            <\/div>\n        <\/div>\n                <div class=\"elementor-column elementor-col-50 elementor-top-column elementor-element elementor-element-25d5dabe\" data-id=\"25d5dabe\" data-element_type=\"column\" data-e-type=\"column\">\n        <div class=\"elementor-widget-wrap elementor-element-populated\">\n                    \n        \t\t<div class=\"elementor-element elementor-element-73c059c5 wow fadeInRight elementor-widget elementor-widget-ct_banner\" data-id=\"73c059c5\" data-element_type=\"widget\" data-e-type=\"widget\" data-widget_type=\"ct_banner.default\">\n\t\t\t\t<div class=\"elementor-widget-container\">\n\t\t\t\t\t<div class=\"ct-banner2 \" data-wow-delay=\"ms\">\r\n\t<div class=\"ct-banner-imge\">\r\n    \t<img fetchpriority=\"high\" decoding=\"async\" width=\"566\" height=\"731\" src=\"https:\/\/nasaccounts.com\/wp-content\/uploads\/2026\/03\/hakkimizda.jpg\" class=\"attachment-full size-full wp-image-8407\" alt=\"\" srcset=\"https:\/\/nasaccounts.com\/wp-content\/uploads\/2026\/03\/hakkimizda.jpg 566w, https:\/\/nasaccounts.com\/wp-content\/uploads\/2026\/03\/hakkimizda-232x300.jpg 232w\" sizes=\"(max-width: 566px) 100vw, 566px\" \/>    <\/div>\r\n    <div class=\"ct-banner-holder\">\r\n\t\t\t\t<div class=\"ct-banner-meta\">\r\n\t        <h3 class=\"ct-banner-title\">10 Y\u0131ll\u0131k Deneyim <\/h3>\r\n\t        <div class=\"ct-banner-desc\"><\/div>\r\n\t    <\/div>\r\n    <\/div>\r\n<\/div>\t\t\t\t<\/div>\n\t\t\t\t<\/div>\n\t\t            <\/div>\n        <\/div>\n                    <\/div>\n        <\/section>\n                <section class=\"elementor-section elementor-top-section elementor-element elementor-element-d773a0c elementor-section-stretched elementor-section-full_width elementor-section-height-default elementor-section-height-default ct-header-fixed-none ct-row-max-none\" data-id=\"d773a0c\" data-element_type=\"section\" data-e-type=\"section\" data-settings=\"{&quot;stretch_section&quot;:&quot;section-stretched&quot;,&quot;background_background&quot;:&quot;classic&quot;}\">\n            \n                        <div class=\"elementor-container elementor-column-gap-extended \">\n                    <div class=\"elementor-column elementor-col-33 elementor-top-column elementor-element elementor-element-331fde9\" data-id=\"331fde9\" data-element_type=\"column\" data-e-type=\"column\">\n        <div class=\"elementor-widget-wrap\">\n                    \n                    <\/div>\n        <\/div>\n                <div class=\"elementor-column elementor-col-33 elementor-top-column elementor-element elementor-element-d6cc777\" data-id=\"d6cc777\" data-element_type=\"column\" data-e-type=\"column\">\n        <div class=\"elementor-widget-wrap elementor-element-populated\">\n                    \n        \t\t<div class=\"elementor-element elementor-element-a843215 elementor-widget elementor-widget-ct_tabs\" data-id=\"a843215\" data-element_type=\"widget\" data-e-type=\"widget\" data-widget_type=\"ct_tabs.default\">\n\t\t\t\t<div class=\"elementor-widget-container\">\n\t\t\t\t\t            <div class=\"ct-tabs ct-tabs--layout2 type-vertical style1\">\n                <div class=\"ct-tabs-title\">\n                                            <span class=\"ct-tab-title active\" data-target=\"#ct_tabs-a843215-91aeee6\"><span>Vizyonumuz<\/span><\/span>\n                                            <span class=\"ct-tab-title\" data-target=\"#ct_tabs-a843215-8303bab\"><span>Misyonumuz<\/span><\/span>\n                                            <span class=\"ct-tab-title\" data-target=\"#ct_tabs-a843215-bdab1d1\"><span>Payroll Service<\/span><\/span>\n                                    <\/div>\n\n                <div class=\"ct-tabs-content\">\n                                            <div class=\"ct-tab-content \" id=\"ct_tabs-a843215-91aeee6\" style=\"display:block;\"><p>\u0130ngiltere\u2019de k\u00fc\u00e7\u00fck ve orta \u00f6l\u00e7ekli i\u015fletmelerin en g\u00fcvenilir finansal \u00e7\u00f6z\u00fcm orta\u011f\u0131 olmak.<\/p><\/div>\n                                            <div class=\"ct-tab-content \" id=\"ct_tabs-a843215-8303bab\"><p>M\u00fc\u015fterilerimize \u015feffaf, g\u00fcvenilir ve ki\u015fiselle\u015ftirilmi\u015f muhasebe \u00e7\u00f6z\u00fcmleri sunarak onlar\u0131n i\u015flerini kolayla\u015ft\u0131rmak.<\/p><\/div>\n                                            <div class=\"ct-tab-content \" id=\"ct_tabs-a843215-bdab1d1\"><div class=\"tab-sub\">People are only as good as the tools they possess. So, to consistently deliver high-quality auditing.<\/div><p>Networks of our affiliates spreads all over the world inorder to provide a good grip in the Global Human Resource Recruitment System.<\/p><\/div>\n                                    <\/div>\n            <\/div>\n            \t\t\t\t<\/div>\n\t\t\t\t<\/div>\n\t\t            <\/div>\n        <\/div>\n                <div class=\"elementor-column elementor-col-33 elementor-top-column elementor-element elementor-element-f08dbfa\" data-id=\"f08dbfa\" data-element_type=\"column\" data-e-type=\"column\">\n        <div class=\"elementor-widget-wrap\">\n                    \n                    <\/div>\n        <\/div>\n                    <\/div>\n        <\/section>\n        <div class=\"elementor-element elementor-element-9dd78bd e-flex e-con-boxed e-con e-parent\" data-id=\"9dd78bd\" data-element_type=\"container\" data-e-type=\"container\">\n\t\t\t\t\t<div class=\"e-con-inner\">\n\t\t\t\t<div class=\"elementor-element elementor-element-d586056 elementor-widget elementor-widget-ct_heading\" data-id=\"d586056\" data-element_type=\"widget\" data-e-type=\"widget\" data-widget_type=\"ct_heading.default\">\n\t\t\t\t<div class=\"elementor-widget-container\">\n\t\t\t\t\t<div id=\"ct_heading-d586056\" class=\"ct-heading h-align-center sub-style1 ct-heading-left item-st-default\">\r\n    <div class=\"ct-item--inner\">\r\n        <div class=\"ct-inline-css\" data-css=\"\r\n            \">\r\n        <\/div>\r\n                <h3 class=\"item--title st-default case-animate-time\" data-wow-delay=\"ms\">\r\n                        <span class=\"sp-main\">\r\n                \r\n                De\u011ferlerimiz\r\n                \r\n                            <\/span>\r\n                    <\/h3>\r\n    <\/div>\r\n<\/div>\t\t\t\t<\/div>\n\t\t\t\t<\/div>\n\t\t\t\t\t<\/div>\n\t\t\t\t<\/div>\n\t\t        <section class=\"elementor-section elementor-top-section elementor-element elementor-element-de5dcd5 elementor-section-stretched elementor-section-boxed elementor-section-height-default elementor-section-height-default ct-header-fixed-none ct-row-max-none\" data-id=\"de5dcd5\" data-element_type=\"section\" data-e-type=\"section\" data-settings=\"{&quot;stretch_section&quot;:&quot;section-stretched&quot;,&quot;background_background&quot;:&quot;classic&quot;}\">\n            \n                        <div class=\"elementor-container elementor-column-gap-extended \">\n                    <div class=\"elementor-column elementor-col-25 elementor-top-column elementor-element elementor-element-38d98e3\" data-id=\"38d98e3\" data-element_type=\"column\" data-e-type=\"column\">\n        <div class=\"elementor-widget-wrap elementor-element-populated\">\n                    \n        \t\t<div class=\"elementor-element elementor-element-fcdca76 elementor-widget elementor-widget-ct_fancy_box\" data-id=\"fcdca76\" data-element_type=\"widget\" data-e-type=\"widget\" data-widget_type=\"ct_fancy_box.default\">\n\t\t\t\t<div class=\"elementor-widget-container\">\n\t\t\t\t\t<div class=\"ct-fancy-box ct-fancy-box-layout6 wow fadeInUp style-1\" data-wow-delay=\"ms\">\r\n            <div class=\"item--icon\">\r\n            <i aria-hidden=\"true\" class=\"flaticonv3 flaticonv3-value\"><\/i>        <\/div>\r\n            <div class=\"item--holder\">\r\n        <h3 class=\"item--title\">\r\n            M\u00fc\u015fteri Odakl\u0131l\u0131k        <\/h3>\r\n        <div class=\"item--description\"> Her i\u015fletmeye \u00f6zel \u00e7\u00f6z\u00fcmler geli\u015ftirmek.\n<\/div>\r\n    <\/div>\r\n    <\/div>\t\t\t\t<\/div>\n\t\t\t\t<\/div>\n\t\t            <\/div>\n        <\/div>\n                <div class=\"elementor-column elementor-col-25 elementor-top-column elementor-element elementor-element-2c21843\" data-id=\"2c21843\" data-element_type=\"column\" data-e-type=\"column\">\n        <div class=\"elementor-widget-wrap elementor-element-populated\">\n                    \n        \t\t<div class=\"elementor-element elementor-element-cc207a7 elementor-widget elementor-widget-ct_fancy_box\" data-id=\"cc207a7\" data-element_type=\"widget\" data-e-type=\"widget\" data-widget_type=\"ct_fancy_box.default\">\n\t\t\t\t<div class=\"elementor-widget-container\">\n\t\t\t\t\t<div class=\"ct-fancy-box ct-fancy-box-layout6 wow fadeInUp style-1\" data-wow-delay=\"ms\">\r\n            <div class=\"item--icon\">\r\n            <i aria-hidden=\"true\" class=\"flaticonv3 flaticonv3-analytics\"><\/i>        <\/div>\r\n            <div class=\"item--holder\">\r\n        <h3 class=\"item--title\">\r\n            S\u00fcrd\u00fcr\u00fclebilirlik        <\/h3>\r\n        <div class=\"item--description\">M\u00fc\u015fterilerimizin uzun vadeli ba\u015far\u0131s\u0131n\u0131 desteklemek.\n<\/div>\r\n    <\/div>\r\n    <\/div>\t\t\t\t<\/div>\n\t\t\t\t<\/div>\n\t\t            <\/div>\n        <\/div>\n                <div class=\"elementor-column elementor-col-25 elementor-top-column elementor-element elementor-element-80ee074\" data-id=\"80ee074\" data-element_type=\"column\" data-e-type=\"column\">\n        <div class=\"elementor-widget-wrap elementor-element-populated\">\n                    \n        \t\t<div class=\"elementor-element elementor-element-a9d6069 elementor-widget elementor-widget-ct_fancy_box\" data-id=\"a9d6069\" data-element_type=\"widget\" data-e-type=\"widget\" data-widget_type=\"ct_fancy_box.default\">\n\t\t\t\t<div class=\"elementor-widget-container\">\n\t\t\t\t\t<div class=\"ct-fancy-box ct-fancy-box-layout6 wow fadeInUp style-1\" data-wow-delay=\"ms\">\r\n            <div class=\"item--icon\">\r\n            <i aria-hidden=\"true\" class=\"flaticonv3 flaticonv3-save-money\"><\/i>        <\/div>\r\n            <div class=\"item--holder\">\r\n        <h3 class=\"item--title\">\r\n            G\u00fcvenilirlik        <\/h3>\r\n        <div class=\"item--description\">T\u00fcm s\u00fcre\u00e7lerde \u015feffafl\u0131k ve do\u011fruluk.<\/div>\r\n    <\/div>\r\n    <\/div>\t\t\t\t<\/div>\n\t\t\t\t<\/div>\n\t\t            <\/div>\n        <\/div>\n                <div class=\"elementor-column elementor-col-25 elementor-top-column elementor-element elementor-element-324e31d\" data-id=\"324e31d\" data-element_type=\"column\" data-e-type=\"column\">\n        <div class=\"elementor-widget-wrap elementor-element-populated\">\n                    \n        \t\t<div class=\"elementor-element elementor-element-e4ac14b elementor-widget elementor-widget-ct_fancy_box\" data-id=\"e4ac14b\" data-element_type=\"widget\" data-e-type=\"widget\" data-widget_type=\"ct_fancy_box.default\">\n\t\t\t\t<div class=\"elementor-widget-container\">\n\t\t\t\t\t<div class=\"ct-fancy-box ct-fancy-box-layout6 wow fadeInUp style-1\" data-wow-delay=\"ms\">\r\n            <div class=\"item--icon\">\r\n            <i aria-hidden=\"true\" class=\"flaticonv7 flaticonv7-idea\"><\/i>        <\/div>\r\n            <div class=\"item--holder\">\r\n        <h3 class=\"item--title\">\r\n            Yenilik\u00e7ilik        <\/h3>\r\n        <div class=\"item--description\">Dijital \u00e7\u00f6z\u00fcmler ve modern muhasebe teknolojilerini benimsemek.\n<\/div>\r\n    <\/div>\r\n    <\/div>\t\t\t\t<\/div>\n\t\t\t\t<\/div>\n\t\t            <\/div>\n        <\/div>\n                    <\/div>\n        <\/section>\n                <section class=\"elementor-section elementor-top-section elementor-element elementor-element-4c7f43bf elementor-section-stretched elementor-section-full_width elementor-section-height-default elementor-section-height-default ct-header-fixed-none ct-row-max-none\" data-id=\"4c7f43bf\" data-element_type=\"section\" data-e-type=\"section\" data-settings=\"{&quot;stretch_section&quot;:&quot;section-stretched&quot;,&quot;background_background&quot;:&quot;classic&quot;}\">\n            \n                        <div class=\"elementor-container elementor-column-gap-no \">\n                    <div class=\"elementor-column elementor-col-50 elementor-top-column elementor-element elementor-element-69dfe6df ct-column-offset-right\" data-id=\"69dfe6df\" data-element_type=\"column\" data-e-type=\"column\" data-settings=\"{&quot;background_background&quot;:&quot;classic&quot;}\">\n        <div class=\"elementor-widget-wrap elementor-element-populated\">\n                    <div class=\"elementor-background-overlay\"><\/div>\n                    \n        \t\t<div class=\"elementor-element elementor-element-280832ed elementor-widget elementor-widget-spacer\" data-id=\"280832ed\" data-element_type=\"widget\" data-e-type=\"widget\" data-widget_type=\"spacer.default\">\n\t\t\t\t\t\t\t<div class=\"elementor-spacer\">\n\t\t\t<div class=\"elementor-spacer-inner\"><\/div>\n\t\t<\/div>\n\t\t\t\t\t\t<\/div>\n\t\t\t\t<div class=\"elementor-element elementor-element-6608f57d color-gradient-from elementor-widget elementor-widget-ct_text_editor\" data-id=\"6608f57d\" data-element_type=\"widget\" data-e-type=\"widget\" data-widget_type=\"ct_text_editor.default\">\n\t\t\t\t<div class=\"elementor-widget-container\">\n\t\t\t\t\t<div id=\"ct_text_editor-6608f57d\" class=\"ct-text-editor \" data-wow-delay=\"ms\">\n\t<div class=\"ct-item--inner\">\n\t\t<div class=\"ct-inline-css\"  data-css=\"\n\t        \t\t\t\">\n\n\t    <\/div>\n\t\t<div class=\"ct-text-editor elementor-clearfix\">\n\t\t\tHizmetlerimizi Be\u011fendiniz mi?\t\t\n\t\t<\/div>\n\t<\/div>\n<\/div>\t\t\t\t<\/div>\n\t\t\t\t<\/div>\n\t\t\t\t<div class=\"elementor-element elementor-element-21f403cc elementor-widget elementor-widget-ct_heading\" data-id=\"21f403cc\" data-element_type=\"widget\" data-e-type=\"widget\" data-widget_type=\"ct_heading.default\">\n\t\t\t\t<div class=\"elementor-widget-container\">\n\t\t\t\t\t<div id=\"ct_heading-21f403cc\" class=\"ct-heading h-align- sub-style1 ct-heading-left item-st-default\">\r\n    <div class=\"ct-item--inner\">\r\n        <div class=\"ct-inline-css\" data-css=\"\r\n            \">\r\n        <\/div>\r\n                <h3 class=\"item--title st-default case-animate-time\" data-wow-delay=\"ms\">\r\n                        <span class=\"sp-main\">\r\n                \r\n                B\u0130RL\u0130KTE <\/br> \u00c7ALI\u015eALIM\n\r\n                \r\n                            <\/span>\r\n                    <\/h3>\r\n    <\/div>\r\n<\/div>\t\t\t\t<\/div>\n\t\t\t\t<\/div>\n\t\t\t\t<div class=\"elementor-element elementor-element-30ef753c elementor-widget elementor-widget-ct_text_editor\" data-id=\"30ef753c\" data-element_type=\"widget\" data-e-type=\"widget\" data-widget_type=\"ct_text_editor.default\">\n\t\t\t\t<div class=\"elementor-widget-container\">\n\t\t\t\t\t<div id=\"ct_text_editor-30ef753c\" class=\"ct-text-editor \" data-wow-delay=\"ms\">\n\t<div class=\"ct-item--inner\">\n\t\t<div class=\"ct-inline-css\"  data-css=\"\n\t        \t\t\t\">\n\n\t    <\/div>\n\t\t<div class=\"ct-text-editor elementor-clearfix\">\n\t\t\tHizmetlerimiz hakk\u0131nda daha fazla bilgi almak veya ihtiya\u00e7lar\u0131n\u0131z\u0131 konu\u015fmak i\u00e7in formu doldurun; ekibimiz en k\u0131sa s\u00fcrede sizinle ileti\u015fime ge\u00e7ecektir.\t\t\n\t\t<\/div>\n\t<\/div>\n<\/div>\t\t\t\t<\/div>\n\t\t\t\t<\/div>\n\t\t\t\t<div class=\"elementor-element elementor-element-44ed3a7 elementor-align-left elementor-widget elementor-widget-ct_button\" data-id=\"44ed3a7\" data-element_type=\"widget\" data-e-type=\"widget\" data-widget_type=\"ct_button.default\">\n\t\t\t\t<div class=\"elementor-widget-container\">\n\t\t\t\t\t<div id=\"ct_button-44ed3a7\" class=\"ct-button-wrapper ct-button-layout1 icon-right btn--inline \">\r\n    <div class=\"ct-inline-css\"  data-css=\"\r\n        \">\r\n    <\/div>\r\n            <span class=\"ct-icon-active\"><\/span>\r\n        <a href=\"https:\/\/nasaccounts.com\/iletisim\/\" class=\"btn btn-default icon-active btn-inline-block  \" data-wow-delay=\"ms\">\r\n                            <span class=\"ct-button-icon ct-align-icon-right\">\r\n                <i aria-hidden=\"true\" class=\"fas fa-angle-right\"><\/i>            <\/span>\r\n                <span class=\"ct-button-text\">\u0130leti\u015fim<\/span>\r\n    <\/a>\r\n<\/div>\t\t\t\t<\/div>\n\t\t\t\t<\/div>\n\t\t\t\t<div class=\"elementor-element elementor-element-2b157a7b elementor-widget elementor-widget-spacer\" data-id=\"2b157a7b\" data-element_type=\"widget\" data-e-type=\"widget\" data-widget_type=\"spacer.default\">\n\t\t\t\t\t\t\t<div class=\"elementor-spacer\">\n\t\t\t<div class=\"elementor-spacer-inner\"><\/div>\n\t\t<\/div>\n\t\t\t\t\t\t<\/div>\n\t\t            <\/div>\n        <\/div>\n                <div class=\"elementor-column elementor-col-50 elementor-top-column elementor-element elementor-element-3c5a241e\" data-id=\"3c5a241e\" data-element_type=\"column\" data-e-type=\"column\">\n        <div class=\"elementor-widget-wrap\">\n                    \n                    <\/div>\n        <\/div>\n                    <\/div>\n        <\/section>\n        \t\t<\/div>\n\t\t","protected":false},"excerpt":{"rendered":"<p>Hakk\u0131m\u0131zda NAS Accounts NAS Accounts, \u0130ngiltere\u2019de bireylerden KOB\u0130\u2019lere kadar geni\u015f bir m\u00fc\u015fteri portf\u00f6y\u00fcne profesyonel muhasebe ve dan\u0131\u015fmanl\u0131k hizmetleri sunar. Amac\u0131m\u0131z, i\u015fletmelerin finansal y\u00fcklerini hafifletmek ve onlar\u0131n b\u00fcy\u00fcme yolculuklar\u0131n\u0131 kolayla\u015ft\u0131rmakt\u0131r. 10 Y\u0131ll\u0131k Deneyim Vizyonumuz Misyonumuz Payroll Service \u0130ngiltere\u2019de k\u00fc\u00e7\u00fck ve orta \u00f6l\u00e7ekli i\u015fletmelerin en g\u00fcvenilir finansal \u00e7\u00f6z\u00fcm orta\u011f\u0131 olmak. M\u00fc\u015fterilerimize \u015feffaf, g\u00fcvenilir ve ki\u015fiselle\u015ftirilmi\u015f muhasebe \u00e7\u00f6z\u00fcmleri [&hellip;]<\/p>\n","protected":false},"author":1,"featured_media":0,"parent":0,"menu_order":0,"comment_status":"closed","ping_status":"closed","template":"","meta":{"_joinchat":[],"footnotes":""},"class_list":["post-3495","page","type-page","status-publish","hentry"],"_links":{"self":[{"href":"https:\/\/nasaccounts.com\/tr\/wp-json\/wp\/v2\/pages\/3495","targetHints":{"allow":["GET"]}}],"collection":[{"href":"https:\/\/nasaccounts.com\/tr\/wp-json\/wp\/v2\/pages"}],"about":[{"href":"https:\/\/nasaccounts.com\/tr\/wp-json\/wp\/v2\/types\/page"}],"author":[{"embeddable":true,"href":"https:\/\/nasaccounts.com\/tr\/wp-json\/wp\/v2\/users\/1"}],"replies":[{"embeddable":true,"href":"https:\/\/nasaccounts.com\/tr\/wp-json\/wp\/v2\/comments?post=3495"}],"version-history":[{"count":57,"href":"https:\/\/nasaccounts.com\/tr\/wp-json\/wp\/v2\/pages\/3495\/revisions"}],"predecessor-version":[{"id":8410,"href":"https:\/\/nasaccounts.com\/tr\/wp-json\/wp\/v2\/pages\/3495\/revisions\/8410"}],"wp:attachment":[{"href":"https:\/\/nasaccounts.com\/tr\/wp-json\/wp\/v2\/media?parent=3495"}],"curies":[{"name":"wp","href":"https:\/\/api.w.org\/{rel}","templated":true}]}}