{"id":407,"date":"2019-11-11T08:33:51","date_gmt":"2019-11-11T08:33:51","guid":{"rendered":"https:\/\/demo.casethemes.net\/consultio\/?page_id=407"},"modified":"2026-02-18T12:42:01","modified_gmt":"2026-02-18T12:42:01","slug":"hizmetlerimiz","status":"publish","type":"page","link":"https:\/\/nasaccounts.com\/tr\/hizmetlerimiz\/","title":{"rendered":"Hizmetlerimiz"},"content":{"rendered":"\t\t<div data-elementor-type=\"wp-page\" data-elementor-id=\"407\" class=\"elementor elementor-407\">\n\t\t\t\t        <section class=\"elementor-section elementor-top-section elementor-element elementor-element-f019bad elementor-section-content-middle elementor-section-boxed elementor-section-height-default elementor-section-height-default ct-header-fixed-none ct-row-max-none\" data-id=\"f019bad\" data-element_type=\"section\" data-e-type=\"section\">\n            \n                        <div class=\"elementor-container elementor-column-gap-extended \">\n                    <div class=\"elementor-column elementor-col-50 elementor-top-column elementor-element elementor-element-5ce29c2\" data-id=\"5ce29c2\" data-element_type=\"column\" data-e-type=\"column\">\n        <div class=\"elementor-widget-wrap elementor-element-populated\">\n                    \n        \r\n\t\t<div class=\"elementor-element elementor-element-d3b6aca elementor-widget elementor-widget-ct_heading\" data-id=\"d3b6aca\" data-element_type=\"widget\" data-e-type=\"widget\" data-widget_type=\"ct_heading.default\">\n\t\t\t\t<div class=\"elementor-widget-container\">\n\t\t\t\t\t<div id=\"ct_heading-d3b6aca\" class=\"ct-heading h-align- sub-style1 ct-heading-left item-st-default\">\r\n    <div class=\"ct-item--inner\">\r\n        <div class=\"ct-inline-css\" data-css=\"\r\n            \">\r\n        <\/div>\r\n                    <div class=\"item--sub-title style1 show-line\">\r\n                                                                Hizmetlerimiz                                                                            <\/div>\r\n                <h3 class=\"item--title st-default case-animate-time\" data-wow-delay=\"ms\">\r\n                        <span class=\"sp-main\">\r\n                \r\n                \u0130\u015finizi b\u00fcy\u00fctmeniz ve finansal s\u00fcre\u00e7lerinizi g\u00fcvenle y\u00f6netmeniz i\u00e7in u\u00e7tan uca muhasebe ve dan\u0131\u015fmanl\u0131k \u00e7\u00f6z\u00fcmleri sunuyoruz.\r\n                \r\n                            <\/span>\r\n                    <\/h3>\r\n    <\/div>\r\n<\/div>\t\t\t\t<\/div>\n\t\t\t\t<\/div>\n\t\t            <\/div>\n        <\/div>\n                <div class=\"elementor-column elementor-col-50 elementor-top-column elementor-element elementor-element-877c444\" data-id=\"877c444\" data-element_type=\"column\" data-e-type=\"column\">\n        <div class=\"elementor-widget-wrap elementor-element-populated\">\n                    \n        \t\t<div class=\"elementor-element elementor-element-8a619a7 elementor-widget elementor-widget-text-editor\" data-id=\"8a619a7\" data-element_type=\"widget\" data-e-type=\"widget\" data-widget_type=\"text-editor.default\">\n\t\t\t\t\t\t\t\t\t<p><span style=\"font-weight: 400;\">Her i\u015fletmenin farkl\u0131 ihtiya\u00e7lar\u0131 vard\u0131r. Nas Account olarak, hem bireylere hem de \u015firketlere \u00f6zel, g\u00fcvenilir ve g\u00fcncel \u00e7\u00f6z\u00fcmler sunuyoruz. Muhasebeden vergi dan\u0131\u015fmanl\u0131\u011f\u0131na, \u015firket kurulu\u015fundan bordro y\u00f6netimine kadar t\u00fcm hizmetlerimizi tek \u00e7at\u0131 alt\u0131nda bulabilirsiniz.<\/span><\/p>\t\t\t\t\t\t\t\t<\/div>\n\t\t            <\/div>\n        <\/div>\n                    <\/div>\n        <\/section>\n                <section class=\"elementor-section elementor-top-section elementor-element elementor-element-7d640f1 elementor-section-boxed elementor-section-height-default elementor-section-height-default ct-header-fixed-none ct-row-max-none\" data-id=\"7d640f1\" data-element_type=\"section\" data-e-type=\"section\">\n            \n                        <div class=\"elementor-container elementor-column-gap-extended \">\n                    <div class=\"elementor-column elementor-col-100 elementor-top-column elementor-element elementor-element-1e2ce89\" data-id=\"1e2ce89\" data-element_type=\"column\" data-e-type=\"column\">\n        <div class=\"elementor-widget-wrap elementor-element-populated\">\n                    \n        \t\t<div class=\"elementor-element elementor-element-16d5b63 elementor-widget elementor-widget-ct_service_grid\" data-id=\"16d5b63\" data-element_type=\"widget\" data-e-type=\"widget\" data-widget_type=\"ct_service_grid.default\">\n\t\t\t\t<div class=\"elementor-widget-container\">\n\t\t\t\t\t\r\n<div id=\"ct_service_grid-16d5b63\" class=\"ct-grid ct-service-grid1\" data-layout=\"masonry\" data-start-page=\"1\" data-max-pages=\"1\" data-total=\"5\" data-perpage=\"6\" data-next-link=\"\">\r\n    <div class=\"ct-grid-overlay\"><\/div>\r\n    \r\n    <div class=\"ct-grid-inner ct-grid-masonry row animate-time\" data-gutter=\"15\">\r\n                            <div class=\"grid-item col-xl-4 col-lg-4 col-md-6 col-sm-6 col-12 consultant\">\r\n                        <div class=\"grid-item-inner wow fadeIn active-featured\">\r\n                            <div class=\"grid-item-over\">\r\n                                <div class=\"item--featured\">\r\n                                    <img fetchpriority=\"high\" decoding=\"async\" class=\"disable-lazy no-lazyload \" src=\"https:\/\/nasaccounts.com\/wp-content\/uploads\/2025\/10\/2-541x600.jpg\" width=\"541\" height=\"600\" alt=\"2\" title=\"2\" \/>                                <\/div>\r\n                                <div class=\"item--holder\">\r\n                                    <div class=\"item--holder-inner\">\r\n                                                                                    <div class=\"item--icon\"><i class=\"text-gradient flaticonv5-calculator-1\"><\/i><\/div>\r\n                                        \r\n                                                                                                                            <h3 class=\"item--title\">Muhasebe Hizmetleri<\/h3>\r\n                                                                                <div class=\"item--gap\"><\/div>\r\n                                                                                    <div class=\"item--content\">\r\n                                                Finansal kay\u0131t ve raporlama s\u00fcre\u00e7lerinizi eksiksiz y\u00f6netiyoruz.                                            <\/div>\r\n                                                                                                                            <div class=\"item--icon-abs\"><i class=\"text-gradient flaticonv5-calculator-1\"><\/i><\/div>\r\n                                                                            <\/div>\r\n                                <\/div>\r\n                                <div class=\"item--meta\">\r\n                                                                            <h3 class=\"item--title\">\r\n                                                                                            <a target=\"_self\" href=\"https:\/\/nasaccounts.com\/tr\/service\/muhasebe-hizmetleri\/\">Muhasebe Hizmetleri<\/a>\r\n                                                                                    <\/h3>\r\n                                                                                                                <div class=\"item--readmore\">\r\n                                                                                            <a class=\"more-plus\" target=\"_self\" href=\"https:\/\/nasaccounts.com\/tr\/service\/muhasebe-hizmetleri\/\">+<\/a>\r\n                                                                                    <\/div>\r\n                                                                                                        <\/div>\r\n                            <\/div>\r\n                        <\/div>\r\n                    <\/div>\r\n                                <div class=\"grid-item col-xl-4 col-lg-4 col-md-6 col-sm-6 col-12 consultant\">\r\n                        <div class=\"grid-item-inner wow fadeIn active-featured\">\r\n                            <div class=\"grid-item-over\">\r\n                                <div class=\"item--featured\">\r\n                                    <img fetchpriority=\"high\" decoding=\"async\" class=\"disable-lazy no-lazyload \" src=\"https:\/\/nasaccounts.com\/wp-content\/uploads\/2025\/10\/2-541x600.jpg\" width=\"541\" height=\"600\" alt=\"2\" title=\"2\" \/>                                <\/div>\r\n                                <div class=\"item--holder\">\r\n                                    <div class=\"item--holder-inner\">\r\n                                                                                    <div class=\"item--icon\"><i class=\"text-gradient flaticon-puzzle\"><\/i><\/div>\r\n                                        \r\n                                                                                                                            <h3 class=\"item--title\">Vergi Dan\u0131\u015fmanl\u0131\u011f\u0131<\/h3>\r\n                                                                                <div class=\"item--gap\"><\/div>\r\n                                                                                    <div class=\"item--content\">\r\n                                                Vergi y\u00fck\u00fcn\u00fcz\u00fc en aza indirecek profesyonel \u00e7\u00f6z\u00fcmler sunuyoruz.                                            <\/div>\r\n                                                                                                                            <div class=\"item--icon-abs\"><i class=\"text-gradient flaticon-puzzle\"><\/i><\/div>\r\n                                                                            <\/div>\r\n                                <\/div>\r\n                                <div class=\"item--meta\">\r\n                                                                            <h3 class=\"item--title\">\r\n                                                                                            <a target=\"_self\" href=\"https:\/\/nasaccounts.com\/tr\/service\/vergi-danismanligi\/\">Vergi Dan\u0131\u015fmanl\u0131\u011f\u0131<\/a>\r\n                                                                                    <\/h3>\r\n                                                                                                                <div class=\"item--readmore\">\r\n                                                                                            <a class=\"more-plus\" target=\"_self\" href=\"https:\/\/nasaccounts.com\/tr\/service\/vergi-danismanligi\/\">+<\/a>\r\n                                                                                    <\/div>\r\n                                                                                                        <\/div>\r\n                            <\/div>\r\n                        <\/div>\r\n                    <\/div>\r\n                                <div class=\"grid-item col-xl-4 col-lg-4 col-md-6 col-sm-6 col-12 consultant\">\r\n                        <div class=\"grid-item-inner wow fadeIn active-featured\">\r\n                            <div class=\"grid-item-over\">\r\n                                <div class=\"item--featured\">\r\n                                    <img decoding=\"async\" class=\"disable-lazy no-lazyload \" src=\"https:\/\/nasaccounts.com\/wp-content\/uploads\/2025\/10\/3-541x600.jpg\" width=\"541\" height=\"600\" alt=\"3\" title=\"3\" \/>                                <\/div>\r\n                                <div class=\"item--holder\">\r\n                                    <div class=\"item--holder-inner\">\r\n                                                                                    <div class=\"item--icon\"><i class=\"text-gradient flaticon-presentation\"><\/i><\/div>\r\n                                        \r\n                                                                                                                            <h3 class=\"item--title\">\u015eirket Kurulu\u015fu<\/h3>\r\n                                                                                <div class=\"item--gap\"><\/div>\r\n                                                                                    <div class=\"item--content\">\r\n                                                \u0130ngiltere\u2019de \u015firket kurulumunu h\u0131zl\u0131 ve sorunsuz \u015fekilde ger\u00e7ekle\u015ftiriyoruz.                                            <\/div>\r\n                                                                                                                            <div class=\"item--icon-abs\"><i class=\"text-gradient flaticon-presentation\"><\/i><\/div>\r\n                                                                            <\/div>\r\n                                <\/div>\r\n                                <div class=\"item--meta\">\r\n                                                                            <h3 class=\"item--title\">\r\n                                                                                            <a target=\"_self\" href=\"https:\/\/nasaccounts.com\/tr\/service\/sirket-kurulusu\/\">\u015eirket Kurulu\u015fu<\/a>\r\n                                                                                    <\/h3>\r\n                                                                                                                <div class=\"item--readmore\">\r\n                                                                                            <a class=\"more-plus\" target=\"_self\" href=\"https:\/\/nasaccounts.com\/tr\/service\/sirket-kurulusu\/\">+<\/a>\r\n                                                                                    <\/div>\r\n                                                                                                        <\/div>\r\n                            <\/div>\r\n                        <\/div>\r\n                    <\/div>\r\n                                <div class=\"grid-item col-xl-4 col-lg-4 col-md-6 col-sm-6 col-12 consultant\">\r\n                        <div class=\"grid-item-inner wow fadeIn active-featured\">\r\n                            <div class=\"grid-item-over\">\r\n                                <div class=\"item--featured\">\r\n                                    <img decoding=\"async\" class=\"disable-lazy no-lazyload \" src=\"https:\/\/nasaccounts.com\/wp-content\/uploads\/2025\/10\/4-541x600.jpg\" width=\"541\" height=\"600\" alt=\"4\" title=\"4\" \/>                                <\/div>\r\n                                <div class=\"item--holder\">\r\n                                    <div class=\"item--holder-inner\">\r\n                                                                                    <div class=\"item--icon\"><i class=\"text-gradient flaticon-chart-1\"><\/i><\/div>\r\n                                        \r\n                                                                                                                            <h3 class=\"item--title\">Bordro Y\u00f6netimi<\/h3>\r\n                                                                                <div class=\"item--gap\"><\/div>\r\n                                                                                    <div class=\"item--content\">\r\n                                                \u00c7al\u0131\u015fan maa\u015f ve bordro s\u00fcre\u00e7lerinizi g\u00fcvenle takip ediyoruz.                                            <\/div>\r\n                                                                                                                            <div class=\"item--icon-abs\"><i class=\"text-gradient flaticon-chart-1\"><\/i><\/div>\r\n                                                                            <\/div>\r\n                                <\/div>\r\n                                <div class=\"item--meta\">\r\n                                                                            <h3 class=\"item--title\">\r\n                                                                                            <a target=\"_self\" href=\"https:\/\/nasaccounts.com\/tr\/service\/payroll-services\/\">Bordro Y\u00f6netimi<\/a>\r\n                                                                                    <\/h3>\r\n                                                                                                                <div class=\"item--readmore\">\r\n                                                                                            <a class=\"more-plus\" target=\"_self\" href=\"https:\/\/nasaccounts.com\/tr\/service\/payroll-services\/\">+<\/a>\r\n                                                                                    <\/div>\r\n                                                                                                        <\/div>\r\n                            <\/div>\r\n                        <\/div>\r\n                    <\/div>\r\n                                <div class=\"grid-item col-xl-4 col-lg-4 col-md-6 col-sm-6 col-12 consultant\">\r\n                        <div class=\"grid-item-inner wow fadeIn active-featured\">\r\n                            <div class=\"grid-item-over\">\r\n                                <div class=\"item--featured\">\r\n                                    <img loading=\"lazy\" decoding=\"async\" class=\"disable-lazy no-lazyload \" src=\"https:\/\/nasaccounts.com\/wp-content\/uploads\/2025\/10\/5-541x600.jpg\" width=\"541\" height=\"600\" alt=\"5\" title=\"5\" \/>                                <\/div>\r\n                                <div class=\"item--holder\">\r\n                                    <div class=\"item--holder-inner\">\r\n                                                                                    <div class=\"item--icon\"><i class=\"text-gradient flaticonv7-consulting\"><\/i><\/div>\r\n                                        \r\n                                                                                                                            <h3 class=\"item--title\">Dan\u0131\u015fmanl\u0131k<\/h3>\r\n                                                                                <div class=\"item--gap\"><\/div>\r\n                                                                                    <div class=\"item--content\">\r\n                                                \u0130\u015fletmenizi b\u00fcy\u00fctecek stratejik finansal \u00e7\u00f6z\u00fcmler geli\u015ftiriyoruz.\u201d                                            <\/div>\r\n                                                                                                                            <div class=\"item--icon-abs\"><i class=\"text-gradient flaticonv7-consulting\"><\/i><\/div>\r\n                                                                            <\/div>\r\n                                <\/div>\r\n                                <div class=\"item--meta\">\r\n                                                                            <h3 class=\"item--title\">\r\n                                                                                            <a target=\"_self\" href=\"https:\/\/nasaccounts.com\/tr\/service\/advisory-services\/\">Dan\u0131\u015fmanl\u0131k<\/a>\r\n                                                                                    <\/h3>\r\n                                                                                                                <div class=\"item--readmore\">\r\n                                                                                            <a class=\"more-plus\" target=\"_self\" href=\"https:\/\/nasaccounts.com\/tr\/service\/advisory-services\/\">+<\/a>\r\n                                                                                    <\/div>\r\n                                                                                                        <\/div>\r\n                            <\/div>\r\n                        <\/div>\r\n                    <\/div>\r\n                                <div class=\"grid-sizer col-xl-4 col-lg-4 col-md-6 col-sm-6 col-12\"><\/div>\r\n            <\/div>\r\n        <\/div>\t\t\t\t<\/div>\n\t\t\t\t<\/div>\n\t\t            <\/div>\n        <\/div>\n                    <\/div>\n        <\/section>\n        \t\t<\/div>\n\t\t","protected":false},"excerpt":{"rendered":"<p>Hizmetlerimiz \u0130\u015finizi b\u00fcy\u00fctmeniz ve finansal s\u00fcre\u00e7lerinizi g\u00fcvenle y\u00f6netmeniz i\u00e7in u\u00e7tan uca muhasebe ve dan\u0131\u015fmanl\u0131k \u00e7\u00f6z\u00fcmleri sunuyoruz. Her i\u015fletmenin farkl\u0131 ihtiya\u00e7lar\u0131 vard\u0131r. Nas Account olarak, hem bireylere hem de \u015firketlere \u00f6zel, g\u00fcvenilir ve g\u00fcncel \u00e7\u00f6z\u00fcmler sunuyoruz. Muhasebeden vergi dan\u0131\u015fmanl\u0131\u011f\u0131na, \u015firket kurulu\u015fundan bordro y\u00f6netimine kadar t\u00fcm hizmetlerimizi tek \u00e7at\u0131 alt\u0131nda bulabilirsiniz. Muhasebe Hizmetleri Finansal kay\u0131t ve raporlama [&hellip;]<\/p>\n","protected":false},"author":1,"featured_media":0,"parent":0,"menu_order":0,"comment_status":"closed","ping_status":"closed","template":"","meta":{"_joinchat":[],"footnotes":""},"class_list":["post-407","page","type-page","status-publish","hentry"],"_links":{"self":[{"href":"https:\/\/nasaccounts.com\/tr\/wp-json\/wp\/v2\/pages\/407","targetHints":{"allow":["GET"]}}],"collection":[{"href":"https:\/\/nasaccounts.com\/tr\/wp-json\/wp\/v2\/pages"}],"about":[{"href":"https:\/\/nasaccounts.com\/tr\/wp-json\/wp\/v2\/types\/page"}],"author":[{"embeddable":true,"href":"https:\/\/nasaccounts.com\/tr\/wp-json\/wp\/v2\/users\/1"}],"replies":[{"embeddable":true,"href":"https:\/\/nasaccounts.com\/tr\/wp-json\/wp\/v2\/comments?post=407"}],"version-history":[{"count":16,"href":"https:\/\/nasaccounts.com\/tr\/wp-json\/wp\/v2\/pages\/407\/revisions"}],"predecessor-version":[{"id":8331,"href":"https:\/\/nasaccounts.com\/tr\/wp-json\/wp\/v2\/pages\/407\/revisions\/8331"}],"wp:attachment":[{"href":"https:\/\/nasaccounts.com\/tr\/wp-json\/wp\/v2\/media?parent=407"}],"curies":[{"name":"wp","href":"https:\/\/api.w.org\/{rel}","templated":true}]}}