{"id":8112,"date":"2025-10-25T14:46:56","date_gmt":"2025-10-25T14:46:56","guid":{"rendered":"https:\/\/nasaccounts.com\/?page_id=8112"},"modified":"2025-10-25T14:46:59","modified_gmt":"2025-10-25T14:46:59","slug":"kullanim-sartlari","status":"publish","type":"page","link":"https:\/\/nasaccounts.com\/tr\/kullanim-sartlari\/","title":{"rendered":"Kullan\u0131m \u015eartlar\u0131"},"content":{"rendered":"","protected":false},"excerpt":{"rendered":"","protected":false},"author":1,"featured_media":0,"parent":0,"menu_order":0,"comment_status":"closed","ping_status":"closed","template":"","meta":{"_joinchat":[],"footnotes":""},"class_list":["post-8112","page","type-page","status-publish","hentry"],"_links":{"self":[{"href":"https:\/\/nasaccounts.com\/tr\/wp-json\/wp\/v2\/pages\/8112","targetHints":{"allow":["GET"]}}],"collection":[{"href":"https:\/\/nasaccounts.com\/tr\/wp-json\/wp\/v2\/pages"}],"about":[{"href":"https:\/\/nasaccounts.com\/tr\/wp-json\/wp\/v2\/types\/page"}],"author":[{"embeddable":true,"href":"https:\/\/nasaccounts.com\/tr\/wp-json\/wp\/v2\/users\/1"}],"replies":[{"embeddable":true,"href":"https:\/\/nasaccounts.com\/tr\/wp-json\/wp\/v2\/comments?post=8112"}],"version-history":[{"count":1,"href":"https:\/\/nasaccounts.com\/tr\/wp-json\/wp\/v2\/pages\/8112\/revisions"}],"predecessor-version":[{"id":8115,"href":"https:\/\/nasaccounts.com\/tr\/wp-json\/wp\/v2\/pages\/8112\/revisions\/8115"}],"wp:attachment":[{"href":"https:\/\/nasaccounts.com\/tr\/wp-json\/wp\/v2\/media?parent=8112"}],"curies":[{"name":"wp","href":"https:\/\/api.w.org\/{rel}","templated":true}]}}